{"id":759,"date":"2023-10-23T23:05:56","date_gmt":"2023-10-23T23:05:56","guid":{"rendered":"https:\/\/lessoinsdentaires.com\/?page_id=759"},"modified":"2023-10-23T23:07:17","modified_gmt":"2023-10-23T23:07:17","slug":"surgery","status":"publish","type":"page","link":"https:\/\/lessoinsdentaires.com\/fr\/services\/surgery\/","title":{"rendered":"surgery"},"content":{"rendered":"<div data-elementor-type=\"wp-page\" data-elementor-id=\"759\" class=\"elementor elementor-759\">\n\t\t\t\t<div class=\"elementor-element elementor-element-d4cdcf2 e-flex e-con-boxed e-con e-parent\" data-id=\"d4cdcf2\" data-element_type=\"container\" data-e-type=\"container\">\n\t\t\t\t\t<div class=\"e-con-inner\">\n\t\t<div class=\"elementor-element elementor-element-094296b e-con-full e-flex e-con e-child\" data-id=\"094296b\" data-element_type=\"container\" data-e-type=\"container\">\n\t\t<div class=\"elementor-element elementor-element-fb11d56 e-con-full e-flex e-con e-child\" data-id=\"fb11d56\" data-element_type=\"container\" data-e-type=\"container\" data-settings=\"{&quot;background_background&quot;:&quot;classic&quot;}\">\n\t\t\t\t<\/div>\n\t\t<div class=\"elementor-element elementor-element-479d568 e-con-full e-flex e-con e-child\" data-id=\"479d568\" data-element_type=\"container\" data-e-type=\"container\">\n\t\t\t\t<div class=\"elementor-element elementor-element-7152b60 elementor-widget elementor-widget-heading\" data-id=\"7152b60\" data-element_type=\"widget\" data-e-type=\"widget\" data-widget_type=\"heading.default\">\n\t\t\t\t<div class=\"elementor-widget-container\">\n\t\t\t\t\t<h2 class=\"elementor-heading-title elementor-size-default\">Chirurgie<\/h2>\t\t\t\t<\/div>\n\t\t\t\t<\/div>\n\t\t\t\t<div class=\"elementor-element elementor-element-bbe480b elementor-widget-divider--view-line elementor-widget elementor-widget-divider\" data-id=\"bbe480b\" data-element_type=\"widget\" data-e-type=\"widget\" data-widget_type=\"divider.default\">\n\t\t\t\t<div class=\"elementor-widget-container\">\n\t\t\t\t\t\t\t<div class=\"elementor-divider\">\n\t\t\t<span class=\"elementor-divider-separator\">\n\t\t\t\t\t\t<\/span>\n\t\t<\/div>\n\t\t\t\t\t\t<\/div>\n\t\t\t\t<\/div>\n\t\t\t\t<div class=\"elementor-element elementor-element-06e9982 elementor-widget elementor-widget-text-editor\" data-id=\"06e9982\" data-element_type=\"widget\" data-e-type=\"widget\" data-widget_type=\"text-editor.default\">\n\t\t\t\t<div class=\"elementor-widget-container\">\n\t\t\t\t\t\t\t\t\tLes chirurgies qui visent \u00e0 traiter les infections gingivales ou \u00e0 extraire les dents impossibles \u00e0 sauver peuvent \u00e9galement \u00eatre effectu\u00e9es sur place.\t\t\t\t\t\t\t\t<\/div>\n\t\t\t\t<\/div>\n\t\t\t\t<\/div>\n\t\t\t\t<\/div>\n\t\t\t\t\t<\/div>\n\t\t\t\t<\/div>\n\t\t\t\t<\/div>","protected":false},"excerpt":{"rendered":"<p>Surgery Surgery to treat gum disease or to remove unsalvageable teeth can be done on site.<\/p>","protected":false},"author":1,"featured_media":0,"parent":28,"menu_order":8,"comment_status":"closed","ping_status":"closed","template":"","meta":{"footnotes":""},"class_list":["post-759","page","type-page","status-publish","hentry"],"_links":{"self":[{"href":"https:\/\/lessoinsdentaires.com\/fr\/wp-json\/wp\/v2\/pages\/759","targetHints":{"allow":["GET"]}}],"collection":[{"href":"https:\/\/lessoinsdentaires.com\/fr\/wp-json\/wp\/v2\/pages"}],"about":[{"href":"https:\/\/lessoinsdentaires.com\/fr\/wp-json\/wp\/v2\/types\/page"}],"author":[{"embeddable":true,"href":"https:\/\/lessoinsdentaires.com\/fr\/wp-json\/wp\/v2\/users\/1"}],"replies":[{"embeddable":true,"href":"https:\/\/lessoinsdentaires.com\/fr\/wp-json\/wp\/v2\/comments?post=759"}],"version-history":[{"count":4,"href":"https:\/\/lessoinsdentaires.com\/fr\/wp-json\/wp\/v2\/pages\/759\/revisions"}],"predecessor-version":[{"id":766,"href":"https:\/\/lessoinsdentaires.com\/fr\/wp-json\/wp\/v2\/pages\/759\/revisions\/766"}],"up":[{"embeddable":true,"href":"https:\/\/lessoinsdentaires.com\/fr\/wp-json\/wp\/v2\/pages\/28"}],"wp:attachment":[{"href":"https:\/\/lessoinsdentaires.com\/fr\/wp-json\/wp\/v2\/media?parent=759"}],"curies":[{"name":"wp","href":"https:\/\/api.w.org\/{rel}","templated":true}]}}