{"id":751,"date":"2023-10-23T23:04:25","date_gmt":"2023-10-23T23:04:25","guid":{"rendered":"https:\/\/lessoinsdentaires.com\/?page_id=751"},"modified":"2023-10-23T23:05:22","modified_gmt":"2023-10-23T23:05:22","slug":"dentures","status":"publish","type":"page","link":"https:\/\/lessoinsdentaires.com\/fr\/services\/dentures\/","title":{"rendered":"dentures"},"content":{"rendered":"<div data-elementor-type=\"wp-page\" data-elementor-id=\"751\" class=\"elementor elementor-751\">\n\t\t\t\t<div class=\"elementor-element elementor-element-5a20171 e-flex e-con-boxed e-con e-parent\" data-id=\"5a20171\" data-element_type=\"container\" data-e-type=\"container\">\n\t\t\t\t\t<div class=\"e-con-inner\">\n\t\t<div class=\"elementor-element elementor-element-9c4bad4 e-con-full e-flex e-con e-child\" data-id=\"9c4bad4\" data-element_type=\"container\" data-e-type=\"container\">\n\t\t<div class=\"elementor-element elementor-element-e0bc929 e-con-full e-flex e-con e-child\" data-id=\"e0bc929\" data-element_type=\"container\" data-e-type=\"container\" data-settings=\"{&quot;background_background&quot;:&quot;classic&quot;}\">\n\t\t\t\t<\/div>\n\t\t<div class=\"elementor-element elementor-element-3edb83b e-con-full e-flex e-con e-child\" data-id=\"3edb83b\" data-element_type=\"container\" data-e-type=\"container\">\n\t\t\t\t<div class=\"elementor-element elementor-element-c7373d3 elementor-widget elementor-widget-heading\" data-id=\"c7373d3\" data-element_type=\"widget\" data-e-type=\"widget\" data-widget_type=\"heading.default\">\n\t\t\t\t<div class=\"elementor-widget-container\">\n\t\t\t\t\t<h2 class=\"elementor-heading-title elementor-size-default\">Proth\u00e8ses<\/h2>\t\t\t\t<\/div>\n\t\t\t\t<\/div>\n\t\t\t\t<div class=\"elementor-element elementor-element-4201096 elementor-widget-divider--view-line elementor-widget elementor-widget-divider\" data-id=\"4201096\" data-element_type=\"widget\" data-e-type=\"widget\" data-widget_type=\"divider.default\">\n\t\t\t\t<div class=\"elementor-widget-container\">\n\t\t\t\t\t\t\t<div class=\"elementor-divider\">\n\t\t\t<span class=\"elementor-divider-separator\">\n\t\t\t\t\t\t<\/span>\n\t\t<\/div>\n\t\t\t\t\t\t<\/div>\n\t\t\t\t<\/div>\n\t\t\t\t<div class=\"elementor-element elementor-element-f8a1438 elementor-widget elementor-widget-text-editor\" data-id=\"f8a1438\" data-element_type=\"widget\" data-e-type=\"widget\" data-widget_type=\"text-editor.default\">\n\t\t\t\t<div class=\"elementor-widget-container\">\n\t\t\t\t\t\t\t\t\tLorsque plusieurs dents sont manquantes, le port d\u2019une proth\u00e8se partielle ou d\u2019une proth\u00e8se compl\u00e8te peut \u00eatre indiqu\u00e9. Ces proth\u00e8ses amovibles r\u00e9tabliront la fonction et l\u2019esth\u00e9tique de vos dents et peuvent m\u00eame \u00eatre soutenues par des implants dentaires si n\u00e9cessaire.\t\t\t\t\t\t\t\t<\/div>\n\t\t\t\t<\/div>\n\t\t\t\t<\/div>\n\t\t\t\t<\/div>\n\t\t\t\t\t<\/div>\n\t\t\t\t<\/div>\n\t\t\t\t<\/div>","protected":false},"excerpt":{"rendered":"<p>Dentures When many or all teeth are missing, a partial or complete denture may be indicated. This removable prosthesis will restore function and aesthetics and can be supported by implants if necessary.<\/p>","protected":false},"author":1,"featured_media":0,"parent":28,"menu_order":7,"comment_status":"closed","ping_status":"closed","template":"","meta":{"footnotes":""},"class_list":["post-751","page","type-page","status-publish","hentry"],"_links":{"self":[{"href":"https:\/\/lessoinsdentaires.com\/fr\/wp-json\/wp\/v2\/pages\/751","targetHints":{"allow":["GET"]}}],"collection":[{"href":"https:\/\/lessoinsdentaires.com\/fr\/wp-json\/wp\/v2\/pages"}],"about":[{"href":"https:\/\/lessoinsdentaires.com\/fr\/wp-json\/wp\/v2\/types\/page"}],"author":[{"embeddable":true,"href":"https:\/\/lessoinsdentaires.com\/fr\/wp-json\/wp\/v2\/users\/1"}],"replies":[{"embeddable":true,"href":"https:\/\/lessoinsdentaires.com\/fr\/wp-json\/wp\/v2\/comments?post=751"}],"version-history":[{"count":4,"href":"https:\/\/lessoinsdentaires.com\/fr\/wp-json\/wp\/v2\/pages\/751\/revisions"}],"predecessor-version":[{"id":758,"href":"https:\/\/lessoinsdentaires.com\/fr\/wp-json\/wp\/v2\/pages\/751\/revisions\/758"}],"up":[{"embeddable":true,"href":"https:\/\/lessoinsdentaires.com\/fr\/wp-json\/wp\/v2\/pages\/28"}],"wp:attachment":[{"href":"https:\/\/lessoinsdentaires.com\/fr\/wp-json\/wp\/v2\/media?parent=751"}],"curies":[{"name":"wp","href":"https:\/\/api.w.org\/{rel}","templated":true}]}}