{"id":740,"date":"2023-10-23T23:02:41","date_gmt":"2023-10-23T23:02:41","guid":{"rendered":"https:\/\/lessoinsdentaires.com\/?page_id=740"},"modified":"2023-10-23T23:03:55","modified_gmt":"2023-10-23T23:03:55","slug":"gum-treatments","status":"publish","type":"page","link":"https:\/\/lessoinsdentaires.com\/fr\/services\/gum-treatments\/","title":{"rendered":"gum-treatments"},"content":{"rendered":"<div data-elementor-type=\"wp-page\" data-elementor-id=\"740\" class=\"elementor elementor-740\">\n\t\t\t\t<div class=\"elementor-element elementor-element-fa1f352 e-flex e-con-boxed e-con e-parent\" data-id=\"fa1f352\" data-element_type=\"container\" data-e-type=\"container\">\n\t\t\t\t\t<div class=\"e-con-inner\">\n\t\t<div class=\"elementor-element elementor-element-d0ed092 e-con-full e-flex e-con e-child\" data-id=\"d0ed092\" data-element_type=\"container\" data-e-type=\"container\">\n\t\t<div class=\"elementor-element elementor-element-21ff805 e-con-full e-flex e-con e-child\" data-id=\"21ff805\" data-element_type=\"container\" data-e-type=\"container\" data-settings=\"{&quot;background_background&quot;:&quot;classic&quot;}\">\n\t\t\t\t<\/div>\n\t\t<div class=\"elementor-element elementor-element-1f4073f e-con-full e-flex e-con e-child\" data-id=\"1f4073f\" data-element_type=\"container\" data-e-type=\"container\">\n\t\t\t\t<div class=\"elementor-element elementor-element-1b03041 elementor-widget elementor-widget-heading\" data-id=\"1b03041\" data-element_type=\"widget\" data-e-type=\"widget\" data-widget_type=\"heading.default\">\n\t\t\t\t<div class=\"elementor-widget-container\">\n\t\t\t\t\t<h2 class=\"elementor-heading-title elementor-size-default\">Traitements des gencives<\/h2>\t\t\t\t<\/div>\n\t\t\t\t<\/div>\n\t\t\t\t<div class=\"elementor-element elementor-element-f8d3e77 elementor-widget-divider--view-line elementor-widget elementor-widget-divider\" data-id=\"f8d3e77\" data-element_type=\"widget\" data-e-type=\"widget\" data-widget_type=\"divider.default\">\n\t\t\t\t<div class=\"elementor-widget-container\">\n\t\t\t\t\t\t\t<div class=\"elementor-divider\">\n\t\t\t<span class=\"elementor-divider-separator\">\n\t\t\t\t\t\t<\/span>\n\t\t<\/div>\n\t\t\t\t\t\t<\/div>\n\t\t\t\t<\/div>\n\t\t\t\t<div class=\"elementor-element elementor-element-36e7a12 elementor-widget elementor-widget-text-editor\" data-id=\"36e7a12\" data-element_type=\"widget\" data-e-type=\"widget\" data-widget_type=\"text-editor.default\">\n\t\t\t\t<div class=\"elementor-widget-container\">\n\t\t\t\t\t\t\t\t\tIl arrive parfois que les gencives pr\u00e9sentent une inflammation ou un saignement en raison de plusieurs facteurs comme la plaque ou l\u2019accumulation de tartre. Lorsque cette inflammation progresse au point o\u00f9 le nettoyage de routine n\u2019est plus indiqu\u00e9 pour traiter ces gencives, on proc\u00e8de \u00e0 un curetage (sorte de nettoyage en profondeur) ou encore \u00e0 un aplanissement de racine. Ces traitements aideront les gencives \u00e0 retrouver leur \u00e9tat normal et fonctionnel.\t\t\t\t\t\t\t\t<\/div>\n\t\t\t\t<\/div>\n\t\t\t\t<\/div>\n\t\t\t\t<\/div>\n\t\t\t\t\t<\/div>\n\t\t\t\t<\/div>\n\t\t\t\t<\/div>","protected":false},"excerpt":{"rendered":"<p>Gum treatments Often, gums will become inflamed and bleed due to several factors including plaque and tartar accumulation. If this inflammation has progressed to a point where a routine cleaning isn\u2019t enough to treat the gum disease, a deep cleaning, also called \u201ccurettage\u201d or root planing, can be done to help the gums heal and [&hellip;]<\/p>\n","protected":false},"author":1,"featured_media":0,"parent":28,"menu_order":6,"comment_status":"closed","ping_status":"closed","template":"","meta":{"footnotes":""},"class_list":["post-740","page","type-page","status-publish","hentry"],"_links":{"self":[{"href":"https:\/\/lessoinsdentaires.com\/fr\/wp-json\/wp\/v2\/pages\/740","targetHints":{"allow":["GET"]}}],"collection":[{"href":"https:\/\/lessoinsdentaires.com\/fr\/wp-json\/wp\/v2\/pages"}],"about":[{"href":"https:\/\/lessoinsdentaires.com\/fr\/wp-json\/wp\/v2\/types\/page"}],"author":[{"embeddable":true,"href":"https:\/\/lessoinsdentaires.com\/fr\/wp-json\/wp\/v2\/users\/1"}],"replies":[{"embeddable":true,"href":"https:\/\/lessoinsdentaires.com\/fr\/wp-json\/wp\/v2\/comments?post=740"}],"version-history":[{"count":7,"href":"https:\/\/lessoinsdentaires.com\/fr\/wp-json\/wp\/v2\/pages\/740\/revisions"}],"predecessor-version":[{"id":750,"href":"https:\/\/lessoinsdentaires.com\/fr\/wp-json\/wp\/v2\/pages\/740\/revisions\/750"}],"up":[{"embeddable":true,"href":"https:\/\/lessoinsdentaires.com\/fr\/wp-json\/wp\/v2\/pages\/28"}],"wp:attachment":[{"href":"https:\/\/lessoinsdentaires.com\/fr\/wp-json\/wp\/v2\/media?parent=740"}],"curies":[{"name":"wp","href":"https:\/\/api.w.org\/{rel}","templated":true}]}}