{"id":702,"date":"2023-10-23T22:54:55","date_gmt":"2023-10-23T22:54:55","guid":{"rendered":"https:\/\/lessoinsdentaires.com\/?page_id=702"},"modified":"2023-10-23T22:55:48","modified_gmt":"2023-10-23T22:55:48","slug":"veneers","status":"publish","type":"page","link":"https:\/\/lessoinsdentaires.com\/fr\/services\/veneers\/","title":{"rendered":"veneers"},"content":{"rendered":"<div data-elementor-type=\"wp-page\" data-elementor-id=\"702\" class=\"elementor elementor-702\">\n\t\t\t\t<div class=\"elementor-element elementor-element-c1fad79 e-flex e-con-boxed e-con e-parent\" data-id=\"c1fad79\" data-element_type=\"container\" data-e-type=\"container\">\n\t\t\t\t\t<div class=\"e-con-inner\">\n\t\t<div class=\"elementor-element elementor-element-a20660f e-con-full e-flex e-con e-child\" data-id=\"a20660f\" data-element_type=\"container\" data-e-type=\"container\">\n\t\t<div class=\"elementor-element elementor-element-c6a6c26 e-con-full e-flex e-con e-child\" data-id=\"c6a6c26\" data-element_type=\"container\" data-e-type=\"container\" data-settings=\"{&quot;background_background&quot;:&quot;classic&quot;}\">\n\t\t\t\t<\/div>\n\t\t<div class=\"elementor-element elementor-element-a1fa477 e-con-full e-flex e-con e-child\" data-id=\"a1fa477\" data-element_type=\"container\" data-e-type=\"container\">\n\t\t\t\t<div class=\"elementor-element elementor-element-2837229 elementor-widget elementor-widget-heading\" data-id=\"2837229\" data-element_type=\"widget\" data-e-type=\"widget\" data-widget_type=\"heading.default\">\n\t\t\t\t<div class=\"elementor-widget-container\">\n\t\t\t\t\t<h2 class=\"elementor-heading-title elementor-size-default\">Facettes<\/h2>\t\t\t\t<\/div>\n\t\t\t\t<\/div>\n\t\t\t\t<div class=\"elementor-element elementor-element-f13c28c elementor-widget-divider--view-line elementor-widget elementor-widget-divider\" data-id=\"f13c28c\" data-element_type=\"widget\" data-e-type=\"widget\" data-widget_type=\"divider.default\">\n\t\t\t\t<div class=\"elementor-widget-container\">\n\t\t\t\t\t\t\t<div class=\"elementor-divider\">\n\t\t\t<span class=\"elementor-divider-separator\">\n\t\t\t\t\t\t<\/span>\n\t\t<\/div>\n\t\t\t\t\t\t<\/div>\n\t\t\t\t<\/div>\n\t\t\t\t<div class=\"elementor-element elementor-element-f7069b9 elementor-widget elementor-widget-text-editor\" data-id=\"f7069b9\" data-element_type=\"widget\" data-e-type=\"widget\" data-widget_type=\"text-editor.default\">\n\t\t\t\t<div class=\"elementor-widget-container\">\n\t\t\t\t\t\t\t\t\tPour parfaire votre sourire, une fine couche de porcelaine ou de composite peut \u00eatre ciment\u00e9e ou li\u00e9e chimiquement \u00e0 une dent. Avec les facettes, nous pouvons modifier la couleur, la forme et la taille de la dent.\t\t\t\t\t\t\t\t<\/div>\n\t\t\t\t<\/div>\n\t\t\t\t<\/div>\n\t\t\t\t<\/div>\n\t\t\t\t\t<\/div>\n\t\t\t\t<\/div>\n\t\t\t\t<\/div>","protected":false},"excerpt":{"rendered":"<p>Veneers A thin layer of porcelain or composite can be respectively cemented or chemically bonded to the tooth, to enhance or restore the aesthetic look of your smile. With veneers, the colour, shape and size of a tooth can be modified.<\/p>","protected":false},"author":1,"featured_media":0,"parent":28,"menu_order":2,"comment_status":"closed","ping_status":"closed","template":"","meta":{"footnotes":""},"class_list":["post-702","page","type-page","status-publish","hentry"],"_links":{"self":[{"href":"https:\/\/lessoinsdentaires.com\/fr\/wp-json\/wp\/v2\/pages\/702","targetHints":{"allow":["GET"]}}],"collection":[{"href":"https:\/\/lessoinsdentaires.com\/fr\/wp-json\/wp\/v2\/pages"}],"about":[{"href":"https:\/\/lessoinsdentaires.com\/fr\/wp-json\/wp\/v2\/types\/page"}],"author":[{"embeddable":true,"href":"https:\/\/lessoinsdentaires.com\/fr\/wp-json\/wp\/v2\/users\/1"}],"replies":[{"embeddable":true,"href":"https:\/\/lessoinsdentaires.com\/fr\/wp-json\/wp\/v2\/comments?post=702"}],"version-history":[{"count":7,"href":"https:\/\/lessoinsdentaires.com\/fr\/wp-json\/wp\/v2\/pages\/702\/revisions"}],"predecessor-version":[{"id":709,"href":"https:\/\/lessoinsdentaires.com\/fr\/wp-json\/wp\/v2\/pages\/702\/revisions\/709"}],"up":[{"embeddable":true,"href":"https:\/\/lessoinsdentaires.com\/fr\/wp-json\/wp\/v2\/pages\/28"}],"wp:attachment":[{"href":"https:\/\/lessoinsdentaires.com\/fr\/wp-json\/wp\/v2\/media?parent=702"}],"curies":[{"name":"wp","href":"https:\/\/api.w.org\/{rel}","templated":true}]}}