{"id":694,"date":"2023-10-23T22:51:49","date_gmt":"2023-10-23T22:51:49","guid":{"rendered":"https:\/\/lessoinsdentaires.com\/?page_id=694"},"modified":"2023-10-23T22:53:42","modified_gmt":"2023-10-23T22:53:42","slug":"bleaching","status":"publish","type":"page","link":"https:\/\/lessoinsdentaires.com\/fr\/services\/bleaching\/","title":{"rendered":"bleaching"},"content":{"rendered":"<div data-elementor-type=\"wp-page\" data-elementor-id=\"694\" class=\"elementor elementor-694\">\n\t\t\t\t<div class=\"elementor-element elementor-element-85b0621 e-flex e-con-boxed e-con e-parent\" data-id=\"85b0621\" data-element_type=\"container\" data-e-type=\"container\">\n\t\t\t\t\t<div class=\"e-con-inner\">\n\t\t<div class=\"elementor-element elementor-element-50a4416 e-con-full e-flex e-con e-child\" data-id=\"50a4416\" data-element_type=\"container\" data-e-type=\"container\">\n\t\t<div class=\"elementor-element elementor-element-1c2bb04 e-con-full e-flex e-con e-child\" data-id=\"1c2bb04\" data-element_type=\"container\" data-e-type=\"container\" data-settings=\"{&quot;background_background&quot;:&quot;classic&quot;}\">\n\t\t\t\t<\/div>\n\t\t<div class=\"elementor-element elementor-element-d2d042c e-con-full e-flex e-con e-child\" data-id=\"d2d042c\" data-element_type=\"container\" data-e-type=\"container\">\n\t\t\t\t<div class=\"elementor-element elementor-element-5885799 elementor-widget elementor-widget-heading\" data-id=\"5885799\" data-element_type=\"widget\" data-e-type=\"widget\" data-widget_type=\"heading.default\">\n\t\t\t\t<div class=\"elementor-widget-container\">\n\t\t\t\t\t<h2 class=\"elementor-heading-title elementor-size-default\">Blanchiment<\/h2>\t\t\t\t<\/div>\n\t\t\t\t<\/div>\n\t\t\t\t<div class=\"elementor-element elementor-element-202fee3 elementor-widget-divider--view-line elementor-widget elementor-widget-divider\" data-id=\"202fee3\" data-element_type=\"widget\" data-e-type=\"widget\" data-widget_type=\"divider.default\">\n\t\t\t\t<div class=\"elementor-widget-container\">\n\t\t\t\t\t\t\t<div class=\"elementor-divider\">\n\t\t\t<span class=\"elementor-divider-separator\">\n\t\t\t\t\t\t<\/span>\n\t\t<\/div>\n\t\t\t\t\t\t<\/div>\n\t\t\t\t<\/div>\n\t\t\t\t<div class=\"elementor-element elementor-element-bbc9016 elementor-widget elementor-widget-text-editor\" data-id=\"bbc9016\" data-element_type=\"widget\" data-e-type=\"widget\" data-widget_type=\"text-editor.default\">\n\t\t\t\t<div class=\"elementor-widget-container\">\n\t\t\t\t\t\t\t\t\tL\u2019esth\u00e9tique est plus pr\u00e9sente que jamais en dentisterie. Pour rendre vos dents d\u2019une blancheur \u00e9clatante, nous vous invitons \u00e0 choisir entre le traitement de blanchiment sur chaise ou celui \u00e0 faire \u00e0 la maison. Nous serons ravis de d\u00e9terminer avec vous quelle option vous convient le mieux.\t\t\t\t\t\t\t\t<\/div>\n\t\t\t\t<\/div>\n\t\t\t\t<\/div>\n\t\t\t\t<\/div>\n\t\t\t\t\t<\/div>\n\t\t\t\t<\/div>\n\t\t\t\t<\/div>","protected":false},"excerpt":{"rendered":"<p>Bleaching Esthetics has become an important part of dentistry. We offer the latest in chair-side bleaching and take-home bleaching to make your teeth the whitest they can be. We would be pleased to assess which option suits you best.<\/p>","protected":false},"author":1,"featured_media":0,"parent":28,"menu_order":1,"comment_status":"closed","ping_status":"closed","template":"","meta":{"footnotes":""},"class_list":["post-694","page","type-page","status-publish","hentry"],"_links":{"self":[{"href":"https:\/\/lessoinsdentaires.com\/fr\/wp-json\/wp\/v2\/pages\/694","targetHints":{"allow":["GET"]}}],"collection":[{"href":"https:\/\/lessoinsdentaires.com\/fr\/wp-json\/wp\/v2\/pages"}],"about":[{"href":"https:\/\/lessoinsdentaires.com\/fr\/wp-json\/wp\/v2\/types\/page"}],"author":[{"embeddable":true,"href":"https:\/\/lessoinsdentaires.com\/fr\/wp-json\/wp\/v2\/users\/1"}],"replies":[{"embeddable":true,"href":"https:\/\/lessoinsdentaires.com\/fr\/wp-json\/wp\/v2\/comments?post=694"}],"version-history":[{"count":4,"href":"https:\/\/lessoinsdentaires.com\/fr\/wp-json\/wp\/v2\/pages\/694\/revisions"}],"predecessor-version":[{"id":698,"href":"https:\/\/lessoinsdentaires.com\/fr\/wp-json\/wp\/v2\/pages\/694\/revisions\/698"}],"up":[{"embeddable":true,"href":"https:\/\/lessoinsdentaires.com\/fr\/wp-json\/wp\/v2\/pages\/28"}],"wp:attachment":[{"href":"https:\/\/lessoinsdentaires.com\/fr\/wp-json\/wp\/v2\/media?parent=694"}],"curies":[{"name":"wp","href":"https:\/\/api.w.org\/{rel}","templated":true}]}}